{"id":19,"date":"2023-12-29T15:28:59","date_gmt":"2023-12-29T15:28:59","guid":{"rendered":"https:\/\/web4.rkinformatika.net\/hizerstudio\/?page_id=19"},"modified":"2024-01-03T10:48:25","modified_gmt":"2024-01-03T10:48:25","slug":"construccion","status":"publish","type":"page","link":"https:\/\/hizerstudio.com\/eus\/construccion\/","title":{"rendered":"Eraikuntza"},"content":{"rendered":"<div data-elementor-type=\"wp-page\" data-elementor-id=\"19\" class=\"elementor elementor-19\" data-elementor-post-type=\"page\">\n\t\t\t\t\t\t<section class=\"elementor-section elementor-top-section elementor-element elementor-element-9057fe4 elementor-section-boxed elementor-section-height-default elementor-section-height-default\" data-id=\"9057fe4\" data-element_type=\"section\" data-e-type=\"section\" data-settings=\"{&quot;background_background&quot;:&quot;classic&quot;}\">\n\t\t\t\t\t\t\t<div class=\"elementor-background-overlay\"><\/div>\n\t\t\t\t\t\t\t<div class=\"elementor-container elementor-column-gap-default\">\n\t\t\t\t\t<div class=\"elementor-column elementor-col-100 elementor-top-column elementor-element elementor-element-587c37f\" data-id=\"587c37f\" data-element_type=\"column\" data-e-type=\"column\">\n\t\t\t<div class=\"elementor-widget-wrap\">\n\t\t\t\t\t\t\t<\/div>\n\t\t<\/div>\n\t\t\t\t\t<\/div>\n\t\t<\/section>\n\t\t\t\t<section class=\"elementor-section elementor-top-section elementor-element elementor-element-7c67b52e elementor-section-boxed elementor-section-height-default elementor-section-height-default\" data-id=\"7c67b52e\" data-element_type=\"section\" data-e-type=\"section\">\n\t\t\t\t\t\t<div class=\"elementor-container elementor-column-gap-default\">\n\t\t\t\t\t<div class=\"elementor-column elementor-col-50 elementor-top-column elementor-element elementor-element-22fec0bc\" data-id=\"22fec0bc\" data-element_type=\"column\" data-e-type=\"column\">\n\t\t\t<div class=\"elementor-widget-wrap elementor-element-populated\">\n\t\t\t\t\t\t<div class=\"elementor-element elementor-element-7fb0f43 elementor-widget elementor-widget-heading\" data-id=\"7fb0f43\" data-element_type=\"widget\" data-e-type=\"widget\" data-widget_type=\"heading.default\">\n\t\t\t\t<div class=\"elementor-widget-container\">\n\t\t\t\t\t<h3 class=\"elementor-heading-title elementor-size-default\">Eraikuntza<\/h3>\t\t\t\t<\/div>\n\t\t\t\t<\/div>\n\t\t\t\t<div class=\"elementor-element elementor-element-43a60858 elementor-widget elementor-widget-text-editor\" data-id=\"43a60858\" data-element_type=\"widget\" data-e-type=\"widget\" data-widget_type=\"text-editor.default\">\n\t\t\t\t<div class=\"elementor-widget-container\">\n\t\t\t\t\t\t\t\t\t<p>Queremos destacar que en nuestro trabajo diario ponemos una enorme cantidad de esfuerzo y dedicaci\u00f3n en la transformaci\u00f3n y mejora de los espacios que habitamos. Entendemos y apreciamos que cada proyecto es \u00fanico y presenta sus propios desaf\u00edos. Por esta raz\u00f3n, somos afortunados de contar con un equipo de profesionales altamente experimentados que se especializan en la rehabilitaci\u00f3n de edificios, as\u00ed como en la restauraci\u00f3n de techos y fachadas. Tambi\u00e9n ofrecemos renovaciones integrales de hogares, servicios de dise\u00f1o de interiores y remodelaci\u00f3n de cocinas y ba\u00f1os.<\/p><p>Como equipo, somos apasionados por descubrir soluciones constructivas eficaces y visualmente impresionantes para nuestros valiosos clientes. Nuestro objetivo final es crear espacios c\u00e1lidos y acogedores, brindando a nuestros clientes experiencias inolvidables. Para nosotros, no hay mayor satisfacci\u00f3n que ver a nuestros clientes disfrutando de los espacios reci\u00e9n construidos en los que hemos trabajado incansablemente para crear, espacios que en \u00faltima instancia mejoran su calidad de vida.<\/p>\t\t\t\t\t\t\t\t<\/div>\n\t\t\t\t<\/div>\n\t\t\t\t\t<\/div>\n\t\t<\/div>\n\t\t\t\t<div class=\"elementor-column elementor-col-50 elementor-top-column elementor-element elementor-element-58c71152 animated-slow elementor-invisible\" data-id=\"58c71152\" data-element_type=\"column\" data-e-type=\"column\" data-settings=\"{&quot;animation&quot;:&quot;fadeInLeft&quot;}\">\n\t\t\t<div class=\"elementor-widget-wrap elementor-element-populated\">\n\t\t\t\t\t\t<div class=\"elementor-element elementor-element-c9efd84 elementor-widget-tablet__width-initial elementor-widget-mobile__width-initial elementor-widget elementor-widget-image\" data-id=\"c9efd84\" data-element_type=\"widget\" data-e-type=\"widget\" data-widget_type=\"image.default\">\n\t\t\t\t<div class=\"elementor-widget-container\">\n\t\t\t\t\t\t\t\t\t\t\t\t\t\t\t<img fetchpriority=\"high\" decoding=\"async\" width=\"550\" height=\"525\" src=\"https:\/\/hizerstudio.com\/wp-content\/uploads\/2024\/01\/img-about-HJ7PC9X.jpg\" class=\"attachment-large size-large wp-image-795\" alt=\"\" srcset=\"https:\/\/hizerstudio.com\/wp-content\/uploads\/2024\/01\/img-about-HJ7PC9X.jpg 550w, https:\/\/hizerstudio.com\/wp-content\/uploads\/2024\/01\/img-about-HJ7PC9X-300x286.jpg 300w, https:\/\/hizerstudio.com\/wp-content\/uploads\/2024\/01\/img-about-HJ7PC9X-13x12.jpg 13w\" sizes=\"(max-width: 550px) 100vw, 550px\" \/>\t\t\t\t\t\t\t\t\t\t\t\t\t\t\t<\/div>\n\t\t\t\t<\/div>\n\t\t\t\t\t<\/div>\n\t\t<\/div>\n\t\t\t\t\t<\/div>\n\t\t<\/section>\n\t\t\t\t<section class=\"elementor-section elementor-top-section elementor-element elementor-element-6818db9f elementor-section-boxed elementor-section-height-default elementor-section-height-default\" data-id=\"6818db9f\" data-element_type=\"section\" data-e-type=\"section\" data-settings=\"{&quot;background_background&quot;:&quot;classic&quot;}\">\n\t\t\t\t\t\t\t<div class=\"elementor-background-overlay\"><\/div>\n\t\t\t\t\t\t\t<div class=\"elementor-container elementor-column-gap-default\">\n\t\t\t\t\t<div class=\"elementor-column elementor-col-100 elementor-top-column elementor-element elementor-element-554256ec\" data-id=\"554256ec\" data-element_type=\"column\" data-e-type=\"column\">\n\t\t\t<div class=\"elementor-widget-wrap elementor-element-populated\">\n\t\t\t\t\t\t<div class=\"elementor-element elementor-element-8da53cc elementor-widget elementor-widget-text-editor\" data-id=\"8da53cc\" data-element_type=\"widget\" data-e-type=\"widget\" data-widget_type=\"text-editor.default\">\n\t\t\t\t<div class=\"elementor-widget-container\">\n\t\t\t\t\t\t\t\t\t<p>Estaremos encantados de ayudarle.<\/p>\t\t\t\t\t\t\t\t<\/div>\n\t\t\t\t<\/div>\n\t\t\t\t<div class=\"elementor-element elementor-element-2131041 elementor-align-center elementor-widget elementor-widget-button\" data-id=\"2131041\" data-element_type=\"widget\" data-e-type=\"widget\" data-widget_type=\"button.default\">\n\t\t\t\t<div class=\"elementor-widget-container\">\n\t\t\t\t\t\t\t\t\t<div class=\"elementor-button-wrapper\">\n\t\t\t\t\t<a class=\"elementor-button elementor-button-link elementor-size-sm\" href=\"https:\/\/hizerstudio.com\/eus\/metform-form\/new-form-1704196369\/\">\n\t\t\t\t\t\t<span class=\"elementor-button-content-wrapper\">\n\t\t\t\t\t\t\t\t\t<span class=\"elementor-button-text\">Aurrekontua lortu<\/span>\n\t\t\t\t\t<\/span>\n\t\t\t\t\t<\/a>\n\t\t\t\t<\/div>\n\t\t\t\t\t\t\t\t<\/div>\n\t\t\t\t<\/div>\n\t\t\t\t\t<\/div>\n\t\t<\/div>\n\t\t\t\t\t<\/div>\n\t\t<\/section>\n\t\t\t\t<\/div>","protected":false},"excerpt":{"rendered":"<p>Construcci\u00f3n Queremos destacar que en nuestro trabajo diario ponemos una enorme cantidad de esfuerzo y dedicaci\u00f3n en la transformaci\u00f3n y mejora de los espacios que habitamos. Entendemos y apreciamos que cada proyecto es \u00fanico y presenta sus propios desaf\u00edos. Por esta raz\u00f3n, somos afortunados de contar con un equipo de profesionales altamente experimentados que se [&hellip;]<\/p>\n","protected":false},"author":1,"featured_media":0,"parent":0,"menu_order":0,"comment_status":"closed","ping_status":"closed","template":"elementor_canvas","meta":{"footnotes":""},"class_list":["post-19","page","type-page","status-publish","hentry"],"yoast_head":"<!-- This site is optimized with the Yoast SEO plugin v27.5 - https:\/\/yoast.com\/product\/yoast-seo-wordpress\/ -->\n<title>Construcci\u00f3n - Hizer Studio<\/title>\n<meta name=\"robots\" content=\"index, follow, max-snippet:-1, max-image-preview:large, max-video-preview:-1\" \/>\n<link rel=\"canonical\" href=\"https:\/\/hizerstudio.com\/eus\/construccion\/\" \/>\n<meta property=\"og:locale\" content=\"en_US\" \/>\n<meta property=\"og:type\" content=\"article\" \/>\n<meta property=\"og:title\" content=\"Construcci\u00f3n - Hizer Studio\" \/>\n<meta property=\"og:description\" content=\"Construcci\u00f3n Queremos destacar que en nuestro trabajo diario ponemos una enorme cantidad de esfuerzo y dedicaci\u00f3n en la transformaci\u00f3n y mejora de los espacios que habitamos. Entendemos y apreciamos que cada proyecto es \u00fanico y presenta sus propios desaf\u00edos. Por esta raz\u00f3n, somos afortunados de contar con un equipo de profesionales altamente experimentados que se [&hellip;]\" \/>\n<meta property=\"og:url\" content=\"https:\/\/hizerstudio.com\/eus\/construccion\/\" \/>\n<meta property=\"og:site_name\" content=\"Hizer Studio\" \/>\n<meta property=\"article:modified_time\" content=\"2024-01-03T10:48:25+00:00\" \/>\n<meta property=\"og:image\" content=\"https:\/\/hizerstudio.com\/wp-content\/uploads\/2024\/01\/img-about-HJ7PC9X.jpg\" \/>\n<meta name=\"twitter:card\" content=\"summary_large_image\" \/>\n<meta name=\"twitter:label1\" content=\"Est. reading time\" \/>\n\t<meta name=\"twitter:data1\" content=\"1 minutua\" \/>\n<script type=\"application\/ld+json\" class=\"yoast-schema-graph\">{\"@context\":\"https:\\\/\\\/schema.org\",\"@graph\":[{\"@type\":\"WebPage\",\"@id\":\"https:\\\/\\\/hizerstudio.com\\\/construccion\\\/\",\"url\":\"https:\\\/\\\/hizerstudio.com\\\/construccion\\\/\",\"name\":\"Construcci\u00f3n - Hizer Studio\",\"isPartOf\":{\"@id\":\"https:\\\/\\\/hizerstudio.com\\\/#website\"},\"primaryImageOfPage\":{\"@id\":\"https:\\\/\\\/hizerstudio.com\\\/construccion\\\/#primaryimage\"},\"image\":{\"@id\":\"https:\\\/\\\/hizerstudio.com\\\/construccion\\\/#primaryimage\"},\"thumbnailUrl\":\"https:\\\/\\\/hizerstudio.com\\\/wp-content\\\/uploads\\\/2024\\\/01\\\/img-about-HJ7PC9X.jpg\",\"datePublished\":\"2023-12-29T15:28:59+00:00\",\"dateModified\":\"2024-01-03T10:48:25+00:00\",\"breadcrumb\":{\"@id\":\"https:\\\/\\\/hizerstudio.com\\\/construccion\\\/#breadcrumb\"},\"inLanguage\":\"eu\",\"potentialAction\":[{\"@type\":\"ReadAction\",\"target\":[\"https:\\\/\\\/hizerstudio.com\\\/construccion\\\/\"]}]},{\"@type\":\"ImageObject\",\"inLanguage\":\"eu\",\"@id\":\"https:\\\/\\\/hizerstudio.com\\\/construccion\\\/#primaryimage\",\"url\":\"https:\\\/\\\/hizerstudio.com\\\/wp-content\\\/uploads\\\/2024\\\/01\\\/img-about-HJ7PC9X.jpg\",\"contentUrl\":\"https:\\\/\\\/hizerstudio.com\\\/wp-content\\\/uploads\\\/2024\\\/01\\\/img-about-HJ7PC9X.jpg\"},{\"@type\":\"BreadcrumbList\",\"@id\":\"https:\\\/\\\/hizerstudio.com\\\/construccion\\\/#breadcrumb\",\"itemListElement\":[{\"@type\":\"ListItem\",\"position\":1,\"name\":\"Portada\",\"item\":\"https:\\\/\\\/hizerstudio.com\\\/\"},{\"@type\":\"ListItem\",\"position\":2,\"name\":\"Construcci\u00f3n\"}]},{\"@type\":\"WebSite\",\"@id\":\"https:\\\/\\\/hizerstudio.com\\\/#website\",\"url\":\"https:\\\/\\\/hizerstudio.com\\\/\",\"name\":\"Hizer Studio\",\"description\":\"Construcci\u00f3n, dise\u00f1o y decoraci\u00f3n\",\"potentialAction\":[{\"@type\":\"SearchAction\",\"target\":{\"@type\":\"EntryPoint\",\"urlTemplate\":\"https:\\\/\\\/hizerstudio.com\\\/?s={search_term_string}\"},\"query-input\":{\"@type\":\"PropertyValueSpecification\",\"valueRequired\":true,\"valueName\":\"search_term_string\"}}],\"inLanguage\":\"eu\"}]}<\/script>\n<!-- \/ Yoast SEO plugin. -->","yoast_head_json":{"title":"Construcci\u00f3n - Hizer Studio","robots":{"index":"index","follow":"follow","max-snippet":"max-snippet:-1","max-image-preview":"max-image-preview:large","max-video-preview":"max-video-preview:-1"},"canonical":"https:\/\/hizerstudio.com\/eus\/construccion\/","og_locale":"en_US","og_type":"article","og_title":"Construcci\u00f3n - Hizer Studio","og_description":"Construcci\u00f3n Queremos destacar que en nuestro trabajo diario ponemos una enorme cantidad de esfuerzo y dedicaci\u00f3n en la transformaci\u00f3n y mejora de los espacios que habitamos. Entendemos y apreciamos que cada proyecto es \u00fanico y presenta sus propios desaf\u00edos. Por esta raz\u00f3n, somos afortunados de contar con un equipo de profesionales altamente experimentados que se [&hellip;]","og_url":"https:\/\/hizerstudio.com\/eus\/construccion\/","og_site_name":"Hizer Studio","article_modified_time":"2024-01-03T10:48:25+00:00","og_image":[{"url":"https:\/\/hizerstudio.com\/wp-content\/uploads\/2024\/01\/img-about-HJ7PC9X.jpg","type":"","width":"","height":""}],"twitter_card":"summary_large_image","twitter_misc":{"Est. reading time":"1 minutua"},"schema":{"@context":"https:\/\/schema.org","@graph":[{"@type":"WebPage","@id":"https:\/\/hizerstudio.com\/construccion\/","url":"https:\/\/hizerstudio.com\/construccion\/","name":"Construcci\u00f3n - Hizer Studio","isPartOf":{"@id":"https:\/\/hizerstudio.com\/#website"},"primaryImageOfPage":{"@id":"https:\/\/hizerstudio.com\/construccion\/#primaryimage"},"image":{"@id":"https:\/\/hizerstudio.com\/construccion\/#primaryimage"},"thumbnailUrl":"https:\/\/hizerstudio.com\/wp-content\/uploads\/2024\/01\/img-about-HJ7PC9X.jpg","datePublished":"2023-12-29T15:28:59+00:00","dateModified":"2024-01-03T10:48:25+00:00","breadcrumb":{"@id":"https:\/\/hizerstudio.com\/construccion\/#breadcrumb"},"inLanguage":"eu","potentialAction":[{"@type":"ReadAction","target":["https:\/\/hizerstudio.com\/construccion\/"]}]},{"@type":"ImageObject","inLanguage":"eu","@id":"https:\/\/hizerstudio.com\/construccion\/#primaryimage","url":"https:\/\/hizerstudio.com\/wp-content\/uploads\/2024\/01\/img-about-HJ7PC9X.jpg","contentUrl":"https:\/\/hizerstudio.com\/wp-content\/uploads\/2024\/01\/img-about-HJ7PC9X.jpg"},{"@type":"BreadcrumbList","@id":"https:\/\/hizerstudio.com\/construccion\/#breadcrumb","itemListElement":[{"@type":"ListItem","position":1,"name":"Portada","item":"https:\/\/hizerstudio.com\/"},{"@type":"ListItem","position":2,"name":"Construcci\u00f3n"}]},{"@type":"WebSite","@id":"https:\/\/hizerstudio.com\/#website","url":"https:\/\/hizerstudio.com\/","name":"Hizer Studio","description":"Construcci\u00f3n, dise\u00f1o y decoraci\u00f3n","potentialAction":[{"@type":"SearchAction","target":{"@type":"EntryPoint","urlTemplate":"https:\/\/hizerstudio.com\/?s={search_term_string}"},"query-input":{"@type":"PropertyValueSpecification","valueRequired":true,"valueName":"search_term_string"}}],"inLanguage":"eu"}]}},"_links":{"self":[{"href":"https:\/\/hizerstudio.com\/eus\/wp-json\/wp\/v2\/pages\/19","targetHints":{"allow":["GET"]}}],"collection":[{"href":"https:\/\/hizerstudio.com\/eus\/wp-json\/wp\/v2\/pages"}],"about":[{"href":"https:\/\/hizerstudio.com\/eus\/wp-json\/wp\/v2\/types\/page"}],"author":[{"embeddable":true,"href":"https:\/\/hizerstudio.com\/eus\/wp-json\/wp\/v2\/users\/1"}],"replies":[{"embeddable":true,"href":"https:\/\/hizerstudio.com\/eus\/wp-json\/wp\/v2\/comments?post=19"}],"version-history":[{"count":31,"href":"https:\/\/hizerstudio.com\/eus\/wp-json\/wp\/v2\/pages\/19\/revisions"}],"predecessor-version":[{"id":873,"href":"https:\/\/hizerstudio.com\/eus\/wp-json\/wp\/v2\/pages\/19\/revisions\/873"}],"wp:attachment":[{"href":"https:\/\/hizerstudio.com\/eus\/wp-json\/wp\/v2\/media?parent=19"}],"curies":[{"name":"wp","href":"https:\/\/api.w.org\/{rel}","templated":true}]}}