{"id":21,"date":"2023-12-29T15:29:30","date_gmt":"2023-12-29T15:29:30","guid":{"rendered":"https:\/\/web4.rkinformatika.net\/hizerstudio\/?page_id=21"},"modified":"2024-01-03T10:49:37","modified_gmt":"2024-01-03T10:49:37","slug":"diseno","status":"publish","type":"page","link":"https:\/\/hizerstudio.com\/eus\/diseno\/","title":{"rendered":"Diseinua"},"content":{"rendered":"<style>.elementor-21 .elementor-element.elementor-element-392b7d9:not(.elementor-motion-effects-element-type-background), .elementor-21 .elementor-element.elementor-element-392b7d9 > .elementor-motion-effects-container > .elementor-motion-effects-layer{background-image:url(\"https:\/\/hizerstudio.com\/wp-content\/uploads\/2024\/01\/blueprint-architecture-draft-interior-design-concept.jpg\");background-position:center center;background-repeat:no-repeat;background-size:cover;}.elementor-21 .elementor-element.elementor-element-392b7d9 > .elementor-background-overlay{opacity:0.5;transition:background 0.3s, border-radius 0.3s, opacity 0.3s;}.elementor-21 .elementor-element.elementor-element-392b7d9{transition:background 0.3s, border 0.3s, border-radius 0.3s, box-shadow 0.3s;padding:35em 01em 9em 1em;}.elementor-bc-flex-widget .elementor-21 .elementor-element.elementor-element-f8a5070.elementor-column .elementor-widget-wrap{align-items:center;}.elementor-21 .elementor-element.elementor-element-f8a5070.elementor-column.elementor-element[data-element_type=\"column\"] > .elementor-widget-wrap.elementor-element-populated{align-content:center;align-items:center;}.elementor-21 .elementor-element.elementor-element-f8a5070.elementor-column > .elementor-widget-wrap{justify-content:center;}.elementor-21 .elementor-element.elementor-element-f8a5070 > .elementor-element-populated{margin:0px 0px 0px 0px;--e-column-margin-right:0px;--e-column-margin-left:0px;padding:122px 0px 117px 0px;}.elementor-21 .elementor-element.elementor-element-49d68cd{margin-top:0px;margin-bottom:0px;padding:90px 0px 0px 47px;}.elementor-21 .elementor-element.elementor-element-63594ef > .elementor-element-populated{margin:-8px 0px 0px 0px;--e-column-margin-right:0px;--e-column-margin-left:0px;padding:0px 40px 0px 70px;}.elementor-21 .elementor-element.elementor-element-134e087{text-align:justify;}.elementor-21 .elementor-element.elementor-element-134e087 .elementor-heading-title{font-family:\"Anton\", Sans-serif;font-size:45px;color:var( --e-global-color-4d37175 );}.elementor-21 .elementor-element.elementor-element-134e087 > .elementor-widget-container{margin:0px 0px 0px 0px;padding:0px 0px 0px 0px;}.elementor-21 .elementor-element.elementor-element-f11d250{text-align:justify;font-family:var( --e-global-typography-text-font-family ), Sans-serif;font-weight:var( --e-global-typography-text-font-weight );}.elementor-21 .elementor-element.elementor-element-f11d250 > .elementor-widget-container{margin:0px 0px 0px 0px;padding:0px 0px 0px 0px;}.elementor-21 .elementor-element.elementor-element-4856655 > .elementor-element-populated{margin:0px 0px 0px 0px;--e-column-margin-right:0px;--e-column-margin-left:0px;padding:0px 0px 0px 0px;}.elementor-21 .elementor-element.elementor-element-f6af4a9{text-align:start;}.elementor-21 .elementor-element.elementor-element-f6af4a9.elementor-element{--flex-grow:0;--flex-shrink:0;}.elementor-21 .elementor-element.elementor-element-16e9e8c > .elementor-container{max-width:800px;}.elementor-21 .elementor-element.elementor-element-16e9e8c:not(.elementor-motion-effects-element-type-background), .elementor-21 .elementor-element.elementor-element-16e9e8c > .elementor-motion-effects-container > .elementor-motion-effects-layer{background-image:url(\"https:\/\/hizerstudio.com\/wp-content\/uploads\/2024\/01\/image-25.jpg\");background-position:center center;background-repeat:no-repeat;background-size:cover;}.elementor-21 .elementor-element.elementor-element-16e9e8c > .elementor-background-overlay{background-color:var( --e-global-color-b514210 );opacity:0.5;transition:background 0.3s, border-radius 0.3s, opacity 0.3s;}.elementor-21 .elementor-element.elementor-element-16e9e8c{transition:background 0.3s, border 0.3s, border-radius 0.3s, box-shadow 0.3s;margin-top:40px;margin-bottom:0px;padding:80px 0px 80px 20px;}.elementor-21 .elementor-element.elementor-element-99acacb > .elementor-element-populated{margin:0px 0px 0px 0px;--e-column-margin-right:0px;--e-column-margin-left:0px;padding:0px 0px 0px 0px;}.elementor-21 .elementor-element.elementor-element-bb64886{text-align:center;font-family:\"Anton\", Sans-serif;font-size:43px;color:var( --e-global-color-0f62a0e );}.elementor-21 .elementor-element.elementor-element-bb64886 > .elementor-widget-container{margin:0px 0px 0px 0px;padding:0px 0px 0px 0px;}.elementor-21 .elementor-element.elementor-element-1098626 .elementor-button{background-color:var( --e-global-color-4d37175 );border-radius:15px 0px 15px 0px;}.elementor-21 .elementor-element.elementor-element-1098626 .elementor-button:hover, .elementor-21 .elementor-element.elementor-element-1098626 .elementor-button:focus{color:var( --e-global-color-0f62a0e );background-color:var( --e-global-color-b514210 );}.elementor-21 .elementor-element.elementor-element-1098626 .elementor-button:hover svg, .elementor-21 .elementor-element.elementor-element-1098626 .elementor-button:focus svg{fill:var( --e-global-color-0f62a0e );}@media(max-width:1024px) and (min-width:768px){.elementor-21 .elementor-element.elementor-element-63594ef{width:100%;}.elementor-21 .elementor-element.elementor-element-4856655{width:100%;}}@media(max-width:1024px){.elementor-21 .elementor-element.elementor-element-49d68cd{padding:0em 1em 1em 1em;}.elementor-21 .elementor-element.elementor-element-63594ef > .elementor-element-populated{margin:30px 0px 0px 0px;--e-column-margin-right:0px;--e-column-margin-left:0px;padding:0px 0px 0px 0px;}.elementor-21 .elementor-element.elementor-element-f11d250 > .elementor-widget-container{padding:0px 0px 0px 0px;}.elementor-21 .elementor-element.elementor-element-f6af4a9 img{width:100%;max-width:100%;}.elementor-21 .elementor-element.elementor-element-f6af4a9{width:var( --container-widget-width, 724.938px );max-width:724.938px;--container-widget-width:724.938px;--container-widget-flex-grow:0;}.elementor-21 .elementor-element.elementor-element-16e9e8c{padding:3em 1em 5em 1em;}.elementor-21 .elementor-element.elementor-element-bb64886 > .elementor-widget-container{padding:0px 0px 0px 0px;}}@media(max-width:767px){.elementor-21 .elementor-element.elementor-element-392b7d9{padding:10em 0em 6em 0em;}.elementor-21 .elementor-element.elementor-element-f6af4a9{width:var( --container-widget-width, 314.931px );max-width:314.931px;--container-widget-width:314.931px;--container-widget-flex-grow:0;}.elementor-21 .elementor-element.elementor-element-16e9e8c{padding:0em 0em 2em 0em;}.elementor-21 .elementor-element.elementor-element-bb64886{font-size:30px;}.elementor-21 .elementor-element.elementor-element-bb64886 > .elementor-widget-container{margin:20px 20px 20px 20px;}}<\/style>\t\t<div data-elementor-type=\"wp-page\" data-elementor-id=\"21\" class=\"elementor elementor-21\" data-elementor-post-type=\"page\">\n\t\t\t\t\t\t<section class=\"elementor-section elementor-top-section elementor-element elementor-element-392b7d9 elementor-section-boxed elementor-section-height-default elementor-section-height-default\" data-id=\"392b7d9\" data-element_type=\"section\" data-e-type=\"section\" data-settings=\"{&quot;background_background&quot;:&quot;classic&quot;}\">\n\t\t\t\t\t\t\t<div class=\"elementor-background-overlay\"><\/div>\n\t\t\t\t\t\t\t<div class=\"elementor-container elementor-column-gap-default\">\n\t\t\t\t\t<div class=\"elementor-column elementor-col-100 elementor-top-column elementor-element elementor-element-f8a5070\" data-id=\"f8a5070\" data-element_type=\"column\" data-e-type=\"column\">\n\t\t\t<div class=\"elementor-widget-wrap\">\n\t\t\t\t\t\t\t<\/div>\n\t\t<\/div>\n\t\t\t\t\t<\/div>\n\t\t<\/section>\n\t\t\t\t<section class=\"elementor-section elementor-top-section elementor-element elementor-element-49d68cd elementor-section-boxed elementor-section-height-default elementor-section-height-default\" data-id=\"49d68cd\" data-element_type=\"section\" data-e-type=\"section\">\n\t\t\t\t\t\t<div class=\"elementor-container elementor-column-gap-default\">\n\t\t\t\t\t<div class=\"elementor-column elementor-col-50 elementor-top-column elementor-element elementor-element-63594ef\" data-id=\"63594ef\" data-element_type=\"column\" data-e-type=\"column\">\n\t\t\t<div class=\"elementor-widget-wrap elementor-element-populated\">\n\t\t\t\t\t\t<div class=\"elementor-element elementor-element-134e087 elementor-widget elementor-widget-heading\" data-id=\"134e087\" data-element_type=\"widget\" data-e-type=\"widget\" data-widget_type=\"heading.default\">\n\t\t\t\t<div class=\"elementor-widget-container\">\n\t\t\t\t\t<h3 class=\"elementor-heading-title elementor-size-default\">Dise\u00f1o<\/h3>\t\t\t\t<\/div>\n\t\t\t\t<\/div>\n\t\t\t\t<div class=\"elementor-element elementor-element-f11d250 elementor-widget elementor-widget-text-editor\" data-id=\"f11d250\" data-element_type=\"widget\" data-e-type=\"widget\" data-widget_type=\"text-editor.default\">\n\t\t\t\t<div class=\"elementor-widget-container\">\n\t\t\t\t\t\t\t\t\t<p>Juntos, podemos crear algo verdaderamente asombroso.\u00a0<\/p><p>Desde la presentaci\u00f3n hasta la construcci\u00f3n, cada detalle cuenta,\u00a0<span class=\"Y2IQFc\" lang=\"es\">y estamos aqu\u00ed\u00a0<\/span>para ayudarle en todos los aspectos del proyecto. Vamos a dar vida a su visi\u00f3n y asegurarnos de que su dibujo transmita eficazmente tus sue\u00f1os. Puede contar con nosotros para garantizar que todos los aspectos respeten las normas de la industria y sean completamente precisos.<\/p><p>\u00a1Juntos, podemos hacer que su proyecto tenga un gran impacto en quienes lo vean y lo usen!<\/p><p>No dude en proporcionarme cualquier informaci\u00f3n adicional para que podamos comenzar a trabajar juntos de inmediato.<\/p>\t\t\t\t\t\t\t\t<\/div>\n\t\t\t\t<\/div>\n\t\t\t\t\t<\/div>\n\t\t<\/div>\n\t\t\t\t<div class=\"elementor-column elementor-col-50 elementor-top-column elementor-element elementor-element-4856655 animated-slow elementor-invisible\" data-id=\"4856655\" data-element_type=\"column\" data-e-type=\"column\" data-settings=\"{&quot;animation&quot;:&quot;fadeInLeft&quot;}\">\n\t\t\t<div class=\"elementor-widget-wrap elementor-element-populated\">\n\t\t\t\t\t\t<div class=\"elementor-element elementor-element-f6af4a9 elementor-widget-tablet__width-initial elementor-widget-mobile__width-initial elementor-widget elementor-widget-image\" data-id=\"f6af4a9\" data-element_type=\"widget\" data-e-type=\"widget\" data-widget_type=\"image.default\">\n\t\t\t\t<div class=\"elementor-widget-container\">\n\t\t\t\t\t\t\t\t\t\t\t\t\t\t\t<img fetchpriority=\"high\" decoding=\"async\" width=\"960\" height=\"960\" src=\"https:\/\/hizerstudio.com\/wp-content\/uploads\/2024\/01\/IMG-20190524-WA0008.jpg\" class=\"attachment-full size-full wp-image-402\" alt=\"\" srcset=\"https:\/\/hizerstudio.com\/wp-content\/uploads\/2024\/01\/IMG-20190524-WA0008.jpg 960w, https:\/\/hizerstudio.com\/wp-content\/uploads\/2024\/01\/IMG-20190524-WA0008-300x300.jpg 300w, https:\/\/hizerstudio.com\/wp-content\/uploads\/2024\/01\/IMG-20190524-WA0008-150x150.jpg 150w, https:\/\/hizerstudio.com\/wp-content\/uploads\/2024\/01\/IMG-20190524-WA0008-768x768.jpg 768w, https:\/\/hizerstudio.com\/wp-content\/uploads\/2024\/01\/IMG-20190524-WA0008-12x12.jpg 12w\" sizes=\"(max-width: 960px) 100vw, 960px\" \/>\t\t\t\t\t\t\t\t\t\t\t\t\t\t\t<\/div>\n\t\t\t\t<\/div>\n\t\t\t\t\t<\/div>\n\t\t<\/div>\n\t\t\t\t\t<\/div>\n\t\t<\/section>\n\t\t\t\t<section class=\"elementor-section elementor-top-section elementor-element elementor-element-16e9e8c elementor-section-boxed elementor-section-height-default elementor-section-height-default\" data-id=\"16e9e8c\" data-element_type=\"section\" data-e-type=\"section\" data-settings=\"{&quot;background_background&quot;:&quot;classic&quot;}\">\n\t\t\t\t\t\t\t<div class=\"elementor-background-overlay\"><\/div>\n\t\t\t\t\t\t\t<div class=\"elementor-container elementor-column-gap-default\">\n\t\t\t\t\t<div class=\"elementor-column elementor-col-100 elementor-top-column elementor-element elementor-element-99acacb\" data-id=\"99acacb\" data-element_type=\"column\" data-e-type=\"column\">\n\t\t\t<div class=\"elementor-widget-wrap elementor-element-populated\">\n\t\t\t\t\t\t<div class=\"elementor-element elementor-element-bb64886 elementor-widget elementor-widget-text-editor\" data-id=\"bb64886\" data-element_type=\"widget\" data-e-type=\"widget\" data-widget_type=\"text-editor.default\">\n\t\t\t\t<div class=\"elementor-widget-container\">\n\t\t\t\t\t\t\t\t\t<p>Estaremos encantados de ayudarle.<\/p>\t\t\t\t\t\t\t\t<\/div>\n\t\t\t\t<\/div>\n\t\t\t\t<div class=\"elementor-element elementor-element-1098626 elementor-align-center elementor-widget elementor-widget-button\" data-id=\"1098626\" data-element_type=\"widget\" data-e-type=\"widget\" data-widget_type=\"button.default\">\n\t\t\t\t<div class=\"elementor-widget-container\">\n\t\t\t\t\t\t\t\t\t<div class=\"elementor-button-wrapper\">\n\t\t\t\t\t<a class=\"elementor-button elementor-button-link elementor-size-sm\" href=\"https:\/\/hizerstudio.com\/metform-form\/new-form-1704196369\/\">\n\t\t\t\t\t\t<span class=\"elementor-button-content-wrapper\">\n\t\t\t\t\t\t\t\t\t<span class=\"elementor-button-text\">Obtener presupuesto<\/span>\n\t\t\t\t\t<\/span>\n\t\t\t\t\t<\/a>\n\t\t\t\t<\/div>\n\t\t\t\t\t\t\t\t<\/div>\n\t\t\t\t<\/div>\n\t\t\t\t\t<\/div>\n\t\t<\/div>\n\t\t\t\t\t<\/div>\n\t\t<\/section>\n\t\t\t\t<\/div>\n\t\t","protected":false},"excerpt":{"rendered":"<p>Dise\u00f1o Juntos, podemos crear algo verdaderamente asombroso.\u00a0 Desde la presentaci\u00f3n hasta la construcci\u00f3n, cada detalle cuenta,\u00a0y estamos aqu\u00ed\u00a0para ayudarle en todos los aspectos del proyecto. Vamos a dar vida a su visi\u00f3n y asegurarnos de que su dibujo transmita eficazmente tus sue\u00f1os. Puede contar con nosotros para garantizar que todos los aspectos respeten las normas [&hellip;]<\/p>\n","protected":false},"author":1,"featured_media":0,"parent":0,"menu_order":0,"comment_status":"closed","ping_status":"closed","template":"elementor_canvas","meta":{"footnotes":""},"class_list":["post-21","page","type-page","status-publish","hentry"],"yoast_head":"<!-- This site is optimized with the Yoast SEO plugin v27.3 - https:\/\/yoast.com\/product\/yoast-seo-wordpress\/ -->\n<title>Dise\u00f1o - Hizer Studio<\/title>\n<meta name=\"robots\" content=\"index, follow, max-snippet:-1, max-image-preview:large, max-video-preview:-1\" \/>\n<link rel=\"canonical\" href=\"https:\/\/hizerstudio.com\/eus\/diseno\/\" \/>\n<meta property=\"og:locale\" content=\"en_US\" \/>\n<meta property=\"og:type\" content=\"article\" \/>\n<meta property=\"og:title\" content=\"Dise\u00f1o - Hizer Studio\" \/>\n<meta property=\"og:description\" content=\"Dise\u00f1o Juntos, podemos crear algo verdaderamente asombroso.\u00a0 Desde la presentaci\u00f3n hasta la construcci\u00f3n, cada detalle cuenta,\u00a0y estamos aqu\u00ed\u00a0para ayudarle en todos los aspectos del proyecto. Vamos a dar vida a su visi\u00f3n y asegurarnos de que su dibujo transmita eficazmente tus sue\u00f1os. Puede contar con nosotros para garantizar que todos los aspectos respeten las normas [&hellip;]\" \/>\n<meta property=\"og:url\" content=\"https:\/\/hizerstudio.com\/eus\/diseno\/\" \/>\n<meta property=\"og:site_name\" content=\"Hizer Studio\" \/>\n<meta property=\"article:modified_time\" content=\"2024-01-03T10:49:37+00:00\" \/>\n<meta property=\"og:image\" content=\"https:\/\/hizerstudio.com\/wp-content\/uploads\/2024\/01\/IMG-20190524-WA0008.jpg\" \/>\n<meta name=\"twitter:card\" content=\"summary_large_image\" \/>\n<meta name=\"twitter:label1\" content=\"Est. reading time\" \/>\n\t<meta name=\"twitter:data1\" content=\"1 minutua\" \/>\n<script type=\"application\/ld+json\" class=\"yoast-schema-graph\">{\"@context\":\"https:\\\/\\\/schema.org\",\"@graph\":[{\"@type\":\"WebPage\",\"@id\":\"https:\\\/\\\/hizerstudio.com\\\/diseno\\\/\",\"url\":\"https:\\\/\\\/hizerstudio.com\\\/diseno\\\/\",\"name\":\"Dise\u00f1o - Hizer Studio\",\"isPartOf\":{\"@id\":\"https:\\\/\\\/hizerstudio.com\\\/#website\"},\"primaryImageOfPage\":{\"@id\":\"https:\\\/\\\/hizerstudio.com\\\/diseno\\\/#primaryimage\"},\"image\":{\"@id\":\"https:\\\/\\\/hizerstudio.com\\\/diseno\\\/#primaryimage\"},\"thumbnailUrl\":\"https:\\\/\\\/hizerstudio.com\\\/wp-content\\\/uploads\\\/2024\\\/01\\\/IMG-20190524-WA0008.jpg\",\"datePublished\":\"2023-12-29T15:29:30+00:00\",\"dateModified\":\"2024-01-03T10:49:37+00:00\",\"breadcrumb\":{\"@id\":\"https:\\\/\\\/hizerstudio.com\\\/diseno\\\/#breadcrumb\"},\"inLanguage\":\"eu\",\"potentialAction\":[{\"@type\":\"ReadAction\",\"target\":[\"https:\\\/\\\/hizerstudio.com\\\/diseno\\\/\"]}]},{\"@type\":\"ImageObject\",\"inLanguage\":\"eu\",\"@id\":\"https:\\\/\\\/hizerstudio.com\\\/diseno\\\/#primaryimage\",\"url\":\"https:\\\/\\\/hizerstudio.com\\\/wp-content\\\/uploads\\\/2024\\\/01\\\/IMG-20190524-WA0008.jpg\",\"contentUrl\":\"https:\\\/\\\/hizerstudio.com\\\/wp-content\\\/uploads\\\/2024\\\/01\\\/IMG-20190524-WA0008.jpg\"},{\"@type\":\"BreadcrumbList\",\"@id\":\"https:\\\/\\\/hizerstudio.com\\\/diseno\\\/#breadcrumb\",\"itemListElement\":[{\"@type\":\"ListItem\",\"position\":1,\"name\":\"Portada\",\"item\":\"https:\\\/\\\/hizerstudio.com\\\/\"},{\"@type\":\"ListItem\",\"position\":2,\"name\":\"Dise\u00f1o\"}]},{\"@type\":\"WebSite\",\"@id\":\"https:\\\/\\\/hizerstudio.com\\\/#website\",\"url\":\"https:\\\/\\\/hizerstudio.com\\\/\",\"name\":\"Hizer Studio\",\"description\":\"Construcci\u00f3n, dise\u00f1o y decoraci\u00f3n\",\"potentialAction\":[{\"@type\":\"SearchAction\",\"target\":{\"@type\":\"EntryPoint\",\"urlTemplate\":\"https:\\\/\\\/hizerstudio.com\\\/?s={search_term_string}\"},\"query-input\":{\"@type\":\"PropertyValueSpecification\",\"valueRequired\":true,\"valueName\":\"search_term_string\"}}],\"inLanguage\":\"eu\"}]}<\/script>\n<!-- \/ Yoast SEO plugin. -->","yoast_head_json":{"title":"Dise\u00f1o - Hizer Studio","robots":{"index":"index","follow":"follow","max-snippet":"max-snippet:-1","max-image-preview":"max-image-preview:large","max-video-preview":"max-video-preview:-1"},"canonical":"https:\/\/hizerstudio.com\/eus\/diseno\/","og_locale":"en_US","og_type":"article","og_title":"Dise\u00f1o - Hizer Studio","og_description":"Dise\u00f1o Juntos, podemos crear algo verdaderamente asombroso.\u00a0 Desde la presentaci\u00f3n hasta la construcci\u00f3n, cada detalle cuenta,\u00a0y estamos aqu\u00ed\u00a0para ayudarle en todos los aspectos del proyecto. Vamos a dar vida a su visi\u00f3n y asegurarnos de que su dibujo transmita eficazmente tus sue\u00f1os. Puede contar con nosotros para garantizar que todos los aspectos respeten las normas [&hellip;]","og_url":"https:\/\/hizerstudio.com\/eus\/diseno\/","og_site_name":"Hizer Studio","article_modified_time":"2024-01-03T10:49:37+00:00","og_image":[{"url":"https:\/\/hizerstudio.com\/wp-content\/uploads\/2024\/01\/IMG-20190524-WA0008.jpg","type":"","width":"","height":""}],"twitter_card":"summary_large_image","twitter_misc":{"Est. reading time":"1 minutua"},"schema":{"@context":"https:\/\/schema.org","@graph":[{"@type":"WebPage","@id":"https:\/\/hizerstudio.com\/diseno\/","url":"https:\/\/hizerstudio.com\/diseno\/","name":"Dise\u00f1o - Hizer Studio","isPartOf":{"@id":"https:\/\/hizerstudio.com\/#website"},"primaryImageOfPage":{"@id":"https:\/\/hizerstudio.com\/diseno\/#primaryimage"},"image":{"@id":"https:\/\/hizerstudio.com\/diseno\/#primaryimage"},"thumbnailUrl":"https:\/\/hizerstudio.com\/wp-content\/uploads\/2024\/01\/IMG-20190524-WA0008.jpg","datePublished":"2023-12-29T15:29:30+00:00","dateModified":"2024-01-03T10:49:37+00:00","breadcrumb":{"@id":"https:\/\/hizerstudio.com\/diseno\/#breadcrumb"},"inLanguage":"eu","potentialAction":[{"@type":"ReadAction","target":["https:\/\/hizerstudio.com\/diseno\/"]}]},{"@type":"ImageObject","inLanguage":"eu","@id":"https:\/\/hizerstudio.com\/diseno\/#primaryimage","url":"https:\/\/hizerstudio.com\/wp-content\/uploads\/2024\/01\/IMG-20190524-WA0008.jpg","contentUrl":"https:\/\/hizerstudio.com\/wp-content\/uploads\/2024\/01\/IMG-20190524-WA0008.jpg"},{"@type":"BreadcrumbList","@id":"https:\/\/hizerstudio.com\/diseno\/#breadcrumb","itemListElement":[{"@type":"ListItem","position":1,"name":"Portada","item":"https:\/\/hizerstudio.com\/"},{"@type":"ListItem","position":2,"name":"Dise\u00f1o"}]},{"@type":"WebSite","@id":"https:\/\/hizerstudio.com\/#website","url":"https:\/\/hizerstudio.com\/","name":"Hizer Studio","description":"Construcci\u00f3n, dise\u00f1o y decoraci\u00f3n","potentialAction":[{"@type":"SearchAction","target":{"@type":"EntryPoint","urlTemplate":"https:\/\/hizerstudio.com\/?s={search_term_string}"},"query-input":{"@type":"PropertyValueSpecification","valueRequired":true,"valueName":"search_term_string"}}],"inLanguage":"eu"}]}},"_links":{"self":[{"href":"https:\/\/hizerstudio.com\/eus\/wp-json\/wp\/v2\/pages\/21","targetHints":{"allow":["GET"]}}],"collection":[{"href":"https:\/\/hizerstudio.com\/eus\/wp-json\/wp\/v2\/pages"}],"about":[{"href":"https:\/\/hizerstudio.com\/eus\/wp-json\/wp\/v2\/types\/page"}],"author":[{"embeddable":true,"href":"https:\/\/hizerstudio.com\/eus\/wp-json\/wp\/v2\/users\/1"}],"replies":[{"embeddable":true,"href":"https:\/\/hizerstudio.com\/eus\/wp-json\/wp\/v2\/comments?post=21"}],"version-history":[{"count":16,"href":"https:\/\/hizerstudio.com\/eus\/wp-json\/wp\/v2\/pages\/21\/revisions"}],"predecessor-version":[{"id":876,"href":"https:\/\/hizerstudio.com\/eus\/wp-json\/wp\/v2\/pages\/21\/revisions\/876"}],"wp:attachment":[{"href":"https:\/\/hizerstudio.com\/eus\/wp-json\/wp\/v2\/media?parent=21"}],"curies":[{"name":"wp","href":"https:\/\/api.w.org\/{rel}","templated":true}]}}